{"id":17782,"date":"2026-01-19T09:17:01","date_gmt":"2026-01-19T08:17:01","guid":{"rendered":"https:\/\/www.electronicbart.it\/?post_type=product&#038;p=17782"},"modified":"2026-03-26T11:41:54","modified_gmt":"2026-03-26T10:41:54","slug":"centralina-bosch-0281020205-04217756-deutz-landini-reman-edc17cv54","status":"publish","type":"product","link":"https:\/\/www.electronicbart.it\/en\/prodotto\/centralina-bosch-0281020205-04217756-deutz-landini-reman-edc17cv54\/","title":{"rendered":"Centralina Bosch 0281020205 &#8211; 04217756 &#8211; Deutz &#8211; Landini &#8211; Reman &#8211; EDC17CV54"},"content":{"rendered":"<p>Centralina Bosch 0281020205 &#8211; 04217756 &#8211; Deutz &#8211; Landini &#8211; Reman<\/p>\n<p>Centralina Revisionata da programmare<\/p>\n<p><strong>Se avete necessit\u00e0 di ricevere la centralina gi\u00e0 programmata, scrivete sulle note dell&#8217;ordine. In questo caso abbiamo necessit\u00e0 di ricevere in anticipo la vostra centralina originale per passare i dati sulla nuova, a<b>l momento dell\u2019acquisto sar\u00e0 mandato il corriere GLS per il ritiro al vostro indirizzo<\/b><b>.<\/b><\/strong><\/p>\n<p><b><strong>I costi di ritiro e di riconsegna sono compresi.\u00a0<\/strong><\/b><\/p>\n<p>Per qualsiasi info Tel: 380.1464445<\/p>\n","protected":false},"excerpt":{"rendered":"<p>Centralina Bosch 0281020205 &#8211; 04217756 &#8211; Deutz &#8211; Landini &#8211; Reman Centralina Revisionata da programmare Se avete necessit\u00e0 di ricevere la centralina gi\u00e0 programmata, scrivete sulle note dell&#8217;ordine. In questo caso abbiamo necessit\u00e0 di ricevere in anticipo la vostra centralina originale per passare i dati sulla nuova, al momento dell\u2019acquisto sar\u00e0 mandato il corriere GLS [&hellip;]<\/p>\n","protected":false},"featured_media":17783,"comment_status":"closed","ping_status":"closed","template":"","meta":{"site-sidebar-layout":"default","site-content-layout":"","ast-site-content-layout":"default","site-content-style":"default","site-sidebar-style":"default","ast-global-header-display":"","ast-banner-title-visibility":"","ast-main-header-display":"","ast-hfb-above-header-display":"","ast-hfb-below-header-display":"","ast-hfb-mobile-header-display":"","site-post-title":"","ast-breadcrumbs-content":"","ast-featured-img":"","footer-sml-layout":"","theme-transparent-header-meta":"default","adv-header-id-meta":"","stick-header-meta":"","header-above-stick-meta":"","header-main-stick-meta":"","header-below-stick-meta":"","astra-migrate-meta-layouts":"set","ast-page-background-enabled":"default","ast-page-background-meta":{"desktop":{"background-color":"var(--ast-global-color-4)","background-image":"","background-repeat":"repeat","background-position":"center center","background-size":"auto","background-attachment":"scroll","background-type":"","background-media":"","overlay-type":"","overlay-color":"","overlay-opacity":"","overlay-gradient":""},"tablet":{"background-color":"","background-image":"","background-repeat":"repeat","background-position":"center center","background-size":"auto","background-attachment":"scroll","background-type":"","background-media":"","overlay-type":"","overlay-color":"","overlay-opacity":"","overlay-gradient":""},"mobile":{"background-color":"","background-image":"","background-repeat":"repeat","background-position":"center center","background-size":"auto","background-attachment":"scroll","background-type":"","background-media":"","overlay-type":"","overlay-color":"","overlay-opacity":"","overlay-gradient":""}},"ast-content-background-meta":{"desktop":{"background-color":"var(--ast-global-color-5)","background-image":"","background-repeat":"repeat","background-position":"center center","background-size":"auto","background-attachment":"scroll","background-type":"","background-media":"","overlay-type":"","overlay-color":"","overlay-opacity":"","overlay-gradient":""},"tablet":{"background-color":"var(--ast-global-color-5)","background-image":"","background-repeat":"repeat","background-position":"center center","background-size":"auto","background-attachment":"scroll","background-type":"","background-media":"","overlay-type":"","overlay-color":"","overlay-opacity":"","overlay-gradient":""},"mobile":{"background-color":"var(--ast-global-color-5)","background-image":"","background-repeat":"repeat","background-position":"center center","background-size":"auto","background-attachment":"scroll","background-type":"","background-media":"","overlay-type":"","overlay-color":"","overlay-opacity":"","overlay-gradient":""}}},"product_brand":[],"product_cat":[119,22],"product_tag":[],"class_list":{"0":"post-17782","1":"product","2":"type-product","3":"status-publish","4":"has-post-thumbnail","6":"product_cat-centraline-motore","7":"product_cat-revisionati","8":"desktop-align-left","9":"tablet-align-left","10":"mobile-align-left","11":"ast-product-gallery-layout-horizontal","12":"ast-product-gallery-with-no-image","13":"ast-product-tabs-layout-horizontal","15":"first","16":"instock","17":"taxable","18":"shipping-taxable","19":"purchasable","20":"product-type-simple"},"_links":{"self":[{"href":"https:\/\/www.electronicbart.it\/en\/wp-json\/wp\/v2\/product\/17782","targetHints":{"allow":["GET"]}}],"collection":[{"href":"https:\/\/www.electronicbart.it\/en\/wp-json\/wp\/v2\/product"}],"about":[{"href":"https:\/\/www.electronicbart.it\/en\/wp-json\/wp\/v2\/types\/product"}],"replies":[{"embeddable":true,"href":"https:\/\/www.electronicbart.it\/en\/wp-json\/wp\/v2\/comments?post=17782"}],"version-history":[{"count":1,"href":"https:\/\/www.electronicbart.it\/en\/wp-json\/wp\/v2\/product\/17782\/revisions"}],"predecessor-version":[{"id":17785,"href":"https:\/\/www.electronicbart.it\/en\/wp-json\/wp\/v2\/product\/17782\/revisions\/17785"}],"wp:featuredmedia":[{"embeddable":true,"href":"https:\/\/www.electronicbart.it\/en\/wp-json\/wp\/v2\/media\/17783"}],"wp:attachment":[{"href":"https:\/\/www.electronicbart.it\/en\/wp-json\/wp\/v2\/media?parent=17782"}],"wp:term":[{"taxonomy":"product_brand","embeddable":true,"href":"https:\/\/www.electronicbart.it\/en\/wp-json\/wp\/v2\/product_brand?post=17782"},{"taxonomy":"product_cat","embeddable":true,"href":"https:\/\/www.electronicbart.it\/en\/wp-json\/wp\/v2\/product_cat?post=17782"},{"taxonomy":"product_tag","embeddable":true,"href":"https:\/\/www.electronicbart.it\/en\/wp-json\/wp\/v2\/product_tag?post=17782"}],"curies":[{"name":"wp","href":"https:\/\/api.w.org\/{rel}","templated":true}]}}