{"id":14511,"date":"2025-03-04T21:53:51","date_gmt":"2025-03-04T20:53:51","guid":{"rendered":"https:\/\/wp.demo.oibi.dev\/?post_type=product&#038;p=14511"},"modified":"2025-03-04T21:56:06","modified_gmt":"2025-03-04T20:56:06","slug":"riparazione-centralina-comando-0-013-8345-4-40-same-iron-lamborghini-r6","status":"publish","type":"product","link":"https:\/\/www.electronicbart.it\/en\/prodotto\/riparazione-centralina-comando-0-013-8345-4-40-same-iron-lamborghini-r6\/","title":{"rendered":"RIPARAZIONE CENTRALINA COMANDO 0.013.8345.4\/40 SAME IRON LAMBORGHINI R6"},"content":{"rendered":"<h6><span class=\"summary description\"><span class=\"text\">Riparazione<\/span><\/span><\/h6>\n<h6><\/h6>\n<p style=\"font-weight: 400;\"><b><strong>RIPARAZIONE<\/strong><\/b><\/p>\n<h6><span class=\"summary description\"><span class=\"text\"><span style=\"font-weight: 400;\"><b><strong>CENTRALINA COMANDO 0.013.8345.4\/40 SAME IRON LAMBORGHINI R6<\/strong><\/b><\/span><br style=\"font-weight: 400;\" \/><\/span><\/span><\/h6>\n<p style=\"font-weight: 400;\"><b><strong>Tutti i codici della serie in foto:<\/strong><\/b><\/p>\n<p>Deutz-Fahr<br \/>\nAgrotron K 100 -&gt; 8156 1001<br \/>\nAgrotron K 100 Profiline -&gt; 8160 1001<br \/>\nAgrotron K 110 -&gt; 8157 1001<br \/>\nAgrotron K 110 Profiline -&gt; 8161 1001<br \/>\nAgrotron K 120 -&gt; 8158 1001<br \/>\nAgrotron K 120 Profiline -&gt; 8162 1001<br \/>\nAgrotron K 90 -&gt; 8155 1001<br \/>\nAgrotron K 90 Profiline -&gt; 8159 1001<br \/>\nAGROTRON K 410 -&gt; ZKDL380400TD10001<br \/>\nAGROTRON K 420 -&gt; ZKDL390400TD10001<br \/>\nAGROTRON K 420 PROFILINE -&gt;ZKDL520400TD15001<br \/>\nAGROTRON K 430 -&gt; ZKDL410400TD10001<br \/>\nAGROTRON K 430 PROFILINE -&gt;ZKDL540400TD15001<br \/>\nAGROTRON K 610 -&gt; ZKDL400400TD10001<br \/>\nAGROTRON K 610 -&gt; ZKDT670200TD10001<br \/>\nAGROTRON K 610 PROFILINE -&gt;ZKDL530400TD15001<br \/>\nAGROTRON K 610 PROFILINE -&gt;ZKDT710200TD15001<\/p>\n<p>Same<br \/>\nIRON 100<br \/>\nIRON 110<br \/>\nIRON 120<br \/>\nIRON 100 HI-LINE<br \/>\nIRON 110 HI-LINE<br \/>\nIRON 120 HI-LINE<br \/>\nIRON 110 HI-LINE -&gt;ZKDL420200TS15001<br \/>\nIRON 115 HI-LINE DCR -&gt;ZKDL430200TS15001<br \/>\nIRON 115 HI-LINE DCR -&gt;ZKDT720200TS15001<br \/>\nIRON 125 HI-LINE DCR -&gt;ZKDL440200TS15001<br \/>\nIRON 100 -&gt; ZKDJ930200TS10001<br \/>\nIRON 110 -&gt; ZKDL290200TS10001<br \/>\nIRON 115 DCR -&gt; ZKDL300200TS10001<br \/>\nIRON 115 DCR -&gt; ZKDT680200TS10001<br \/>\nIRON 125 DCR -&gt; ZKDL310200TS10001<\/p>\n<p>Lamborghini<br \/>\nR6.100<br \/>\nR6.110<br \/>\nR6.120<br \/>\nR6.100 HI-PROFILE<br \/>\nR6.110 HI-PROFILE<br \/>\nR6.120 HI-PROFILE<br \/>\nR6.110 HI-PROFILE -&gt;ZKDL450200TL15001<br \/>\nR6.115 HI-PROFILE DCR -&gt;ZKDL460200TL15001<br \/>\nR6.115 HI-PROFILE DCR -&gt;ZKDT730200TL15001<br \/>\nR6.125 HI-PROFILE DCR -&gt;ZKDL470200TL15001<br \/>\nR6.100 -&gt; ZKDJ830200TL10001<br \/>\nR6.110 -&gt; ZKDL320200TL10001<br \/>\nR6.115 DCR -&gt; ZKDL330200TL10001<br \/>\nR6.115 DCR -&gt; ZKDT690200TL10001<br \/>\nR6.125 DCR -&gt; ZKDL340200TL10001<\/p>\n<p>H\u00fcrlimann<br \/>\nXM 100<br \/>\nXM 100 HI-LEVEL<br \/>\nXM 110<br \/>\nXM 110 HI-LEVEL<br \/>\nXM 120<br \/>\nXM 120 HI-LEVEL<br \/>\nXM 90<br \/>\nXM 90 HI-LEVEL<br \/>\nXM 110 HI-LEVEL -&gt;ZKDL480200TH15001<br \/>\nXM 115 HI-LEVEL DCR -&gt;ZKDL490200TH15001<br \/>\nXM 115 HI-LEVEL DCR -&gt;ZKDT740200TH15001<br \/>\nXM 125 HI-LEVEL DCR -&gt;ZKDL500200TH15001<br \/>\nXM 100 -&gt; ZKDJ880200TH10001<br \/>\nXM 110 -&gt; ZKDL350200TH10001<br \/>\nXM 115 DCR -&gt; ZKDL360200TH10001<br \/>\nXM 115 DCR -&gt; ZKDT700200TH10001<br \/>\nXM 125 DCR -&gt; ZKDL370200TH10001<\/p>\n<p>&nbsp;<\/p>\n<p style=\"font-weight: 400;\"><b><strong>Al momento dell&#8217;acquisto sar\u00e0 mandato il corriere GLS per il ritiro al vostro indirizzo<\/strong><\/b><b><strong>,\u00a0<\/strong><\/b><b><strong>i tempi di revisione sono solitamente di un giorno lavorativo (tempi di spedizioni esclusi). I costi di ritiro e di riconsegna sono compresi. Non verr\u00e0 addebitato alcun importo al momento dell&#8217;acquisto, il pagamento dovr\u00e0 essere effettuato solo a riparazione a buon fine eseguita, vi sar\u00e0 tutto comunicato via email<\/strong><\/b><\/p>\n<p style=\"font-weight: 400;\"><b><\/b><b><strong>Per info e chiarimenti Tel.3801464445<\/strong><\/b><\/p>\n<p style=\"font-weight: 400;\"><b>I costi di preventivo e verifica non sono applicati, la visione e eventuali spese di spedizione sono completamente gratuiti, se il pezzo risultasse non revisionabile, verr\u00e0 rispedito indietro senza importo.\u00a0<\/b><\/p>\n<p><strong><span class=\"jCAhz ChMk0b\"><span class=\"ryNqvb\">For sending abroad, you must send the control unit to be repaired to this address:<\/span><\/span><\/strong><\/p>\n<p><strong><span class=\"jCAhz ChMk0b\"><span class=\"ryNqvb\">ElectronicBart<\/span><\/span><\/strong><\/p>\n<p><strong><span class=\"jCAhz ChMk0b\"><span class=\"ryNqvb\"> Via Leonardo da Vinci, 20<\/span><\/span><\/strong><\/p>\n<p><strong><span class=\"jCAhz ChMk0b\"><span class=\"ryNqvb\">47021 Bagno di Romagna FC<\/span><\/span><\/strong><\/p>\n<p><strong><span class=\"jCAhz ChMk0b\"><span class=\"ryNqvb\">Italy<\/span><\/span><\/strong><\/p>\n","protected":false},"excerpt":{"rendered":"<p><strong>Riparazione vostro articolo, ritiriamo noi l\u2019articolo da riparare tramite corriere direttamente al vostro indirizzo.<\/strong><\/p>\n","protected":false},"featured_media":14512,"comment_status":"closed","ping_status":"closed","template":"","meta":{"site-sidebar-layout":"default","site-content-layout":"","ast-site-content-layout":"default","site-content-style":"default","site-sidebar-style":"default","ast-global-header-display":"","ast-banner-title-visibility":"","ast-main-header-display":"","ast-hfb-above-header-display":"","ast-hfb-below-header-display":"","ast-hfb-mobile-header-display":"","site-post-title":"","ast-breadcrumbs-content":"","ast-featured-img":"","footer-sml-layout":"","theme-transparent-header-meta":"default","adv-header-id-meta":"","stick-header-meta":"","header-above-stick-meta":"","header-main-stick-meta":"","header-below-stick-meta":"","astra-migrate-meta-layouts":"set","ast-page-background-enabled":"default","ast-page-background-meta":{"desktop":{"background-color":"var(--ast-global-color-4)","background-image":"","background-repeat":"repeat","background-position":"center center","background-size":"auto","background-attachment":"scroll","background-type":"","background-media":"","overlay-type":"","overlay-color":"","overlay-opacity":"","overlay-gradient":""},"tablet":{"background-color":"","background-image":"","background-repeat":"repeat","background-position":"center center","background-size":"auto","background-attachment":"scroll","background-type":"","background-media":"","overlay-type":"","overlay-color":"","overlay-opacity":"","overlay-gradient":""},"mobile":{"background-color":"","background-image":"","background-repeat":"repeat","background-position":"center center","background-size":"auto","background-attachment":"scroll","background-type":"","background-media":"","overlay-type":"","overlay-color":"","overlay-opacity":"","overlay-gradient":""}},"ast-content-background-meta":{"desktop":{"background-color":"var(--ast-global-color-5)","background-image":"","background-repeat":"repeat","background-position":"center center","background-size":"auto","background-attachment":"scroll","background-type":"","background-media":"","overlay-type":"","overlay-color":"","overlay-opacity":"","overlay-gradient":""},"tablet":{"background-color":"var(--ast-global-color-5)","background-image":"","background-repeat":"repeat","background-position":"center center","background-size":"auto","background-attachment":"scroll","background-type":"","background-media":"","overlay-type":"","overlay-color":"","overlay-opacity":"","overlay-gradient":""},"mobile":{"background-color":"var(--ast-global-color-5)","background-image":"","background-repeat":"repeat","background-position":"center center","background-size":"auto","background-attachment":"scroll","background-type":"","background-media":"","overlay-type":"","overlay-color":"","overlay-opacity":"","overlay-gradient":""}}},"product_brand":[],"product_cat":[21,120],"product_tag":[108],"class_list":{"0":"post-14511","1":"product","2":"type-product","3":"status-publish","4":"has-post-thumbnail","6":"product_cat-riparazioni","7":"product_cat-centraline-sollevatore","8":"product_tag-piu-richiesti","9":"desktop-align-left","10":"tablet-align-left","11":"mobile-align-left","12":"ast-product-gallery-layout-horizontal","13":"ast-product-gallery-with-no-image","14":"ast-product-tabs-layout-horizontal","16":"first","17":"instock","18":"taxable","19":"shipping-taxable","20":"purchasable","21":"product-type-simple"},"_links":{"self":[{"href":"https:\/\/www.electronicbart.it\/en\/wp-json\/wp\/v2\/product\/14511","targetHints":{"allow":["GET"]}}],"collection":[{"href":"https:\/\/www.electronicbart.it\/en\/wp-json\/wp\/v2\/product"}],"about":[{"href":"https:\/\/www.electronicbart.it\/en\/wp-json\/wp\/v2\/types\/product"}],"replies":[{"embeddable":true,"href":"https:\/\/www.electronicbart.it\/en\/wp-json\/wp\/v2\/comments?post=14511"}],"version-history":[{"count":2,"href":"https:\/\/www.electronicbart.it\/en\/wp-json\/wp\/v2\/product\/14511\/revisions"}],"predecessor-version":[{"id":14516,"href":"https:\/\/www.electronicbart.it\/en\/wp-json\/wp\/v2\/product\/14511\/revisions\/14516"}],"wp:featuredmedia":[{"embeddable":true,"href":"https:\/\/www.electronicbart.it\/en\/wp-json\/wp\/v2\/media\/14512"}],"wp:attachment":[{"href":"https:\/\/www.electronicbart.it\/en\/wp-json\/wp\/v2\/media?parent=14511"}],"wp:term":[{"taxonomy":"product_brand","embeddable":true,"href":"https:\/\/www.electronicbart.it\/en\/wp-json\/wp\/v2\/product_brand?post=14511"},{"taxonomy":"product_cat","embeddable":true,"href":"https:\/\/www.electronicbart.it\/en\/wp-json\/wp\/v2\/product_cat?post=14511"},{"taxonomy":"product_tag","embeddable":true,"href":"https:\/\/www.electronicbart.it\/en\/wp-json\/wp\/v2\/product_tag?post=14511"}],"curies":[{"name":"wp","href":"https:\/\/api.w.org\/{rel}","templated":true}]}}