{"id":14507,"date":"2025-03-04T21:51:39","date_gmt":"2025-03-04T20:51:39","guid":{"rendered":"https:\/\/wp.demo.oibi.dev\/?post_type=product&#038;p=14507"},"modified":"2025-03-04T21:53:27","modified_gmt":"2025-03-04T20:53:27","slug":"riparazione-quadro-strumenti-new-holland-47132005","status":"publish","type":"product","link":"https:\/\/www.electronicbart.it\/en\/prodotto\/riparazione-quadro-strumenti-new-holland-47132005\/","title":{"rendered":"Riparazione Quadro Strumenti NEW HOLLAND 47132005"},"content":{"rendered":"<h6><span class=\"summary description\"><span class=\"text\">Riparazione<\/span><\/span><\/h6>\n<h6><span class=\"summary description\"><span class=\"text\">Quadro Strumenti NEW HOLLAND\u00a0<\/span><\/span><span dir=\"ltr\">47132005<\/span><\/h6>\n<h6><span class=\"summary description\"><span class=\"text\">problemi da noi riparabili:- mal funzionamento display centrale alto &#8211; lancette non funzionanti<\/span><\/span><\/h6>\n<p>&nbsp;<\/p>\n<p style=\"font-weight: 400;\"><b><strong>Al momento dell&#8217;acquisto sar\u00e0 mandato il corriere GLS per il ritiro al vostro indirizzo<\/strong><\/b><b><strong>,\u00a0<\/strong><\/b><b><strong>i tempi di revisione sono solitamente di un giorno lavorativo (tempi di spedizioni esclusi). I costi di ritiro e di riconsegna sono compresi. Non verr\u00e0 addebitato alcun importo al momento dell&#8217;acquisto, il pagamento dovr\u00e0 essere effettuato solo a riparazione a buon fine eseguita, vi sar\u00e0 tutto comunicato via email<\/strong><\/b><\/p>\n<p style=\"font-weight: 400;\"><b><\/b><b><strong>Per info e chiarimenti Tel.3801464445<\/strong><\/b><\/p>\n<p style=\"font-weight: 400;\"><b>I costi di preventivo e verifica non sono applicati, la visione e eventuali spese di spedizione sono completamente gratuiti, se il pezzo risultasse non revisionabile, verr\u00e0 rispedito indietro senza importo.\u00a0<\/b><\/p>\n<p><strong><span class=\"jCAhz ChMk0b\"><span class=\"ryNqvb\">For sending abroad, you must send the control unit to be repaired to this address:<\/span><\/span><\/strong><\/p>\n<p><strong><span class=\"jCAhz ChMk0b\"><span class=\"ryNqvb\">ElectronicBart<\/span><\/span><\/strong><\/p>\n<p><strong><span class=\"jCAhz ChMk0b\"><span class=\"ryNqvb\"> Via Leonardo da Vinci, 20<\/span><\/span><\/strong><\/p>\n<p><strong><span class=\"jCAhz ChMk0b\"><span class=\"ryNqvb\">47021 Bagno di Romagna FC<\/span><\/span><\/strong><\/p>\n<p><strong><span class=\"jCAhz ChMk0b\"><span class=\"ryNqvb\">Italy<\/span><\/span><\/strong><\/p>\n","protected":false},"excerpt":{"rendered":"<p><strong>Riparazione vostro articolo, ritiriamo noi l\u2019articolo da riparare tramite corriere direttamente al vostro indirizzo.<\/strong><\/p>\n","protected":false},"featured_media":14509,"comment_status":"closed","ping_status":"closed","template":"","meta":{"site-sidebar-layout":"default","site-content-layout":"","ast-site-content-layout":"default","site-content-style":"default","site-sidebar-style":"default","ast-global-header-display":"","ast-banner-title-visibility":"","ast-main-header-display":"","ast-hfb-above-header-display":"","ast-hfb-below-header-display":"","ast-hfb-mobile-header-display":"","site-post-title":"","ast-breadcrumbs-content":"","ast-featured-img":"","footer-sml-layout":"","theme-transparent-header-meta":"default","adv-header-id-meta":"","stick-header-meta":"","header-above-stick-meta":"","header-main-stick-meta":"","header-below-stick-meta":"","astra-migrate-meta-layouts":"set","ast-page-background-enabled":"default","ast-page-background-meta":{"desktop":{"background-color":"var(--ast-global-color-4)","background-image":"","background-repeat":"repeat","background-position":"center center","background-size":"auto","background-attachment":"scroll","background-type":"","background-media":"","overlay-type":"","overlay-color":"","overlay-opacity":"","overlay-gradient":""},"tablet":{"background-color":"","background-image":"","background-repeat":"repeat","background-position":"center center","background-size":"auto","background-attachment":"scroll","background-type":"","background-media":"","overlay-type":"","overlay-color":"","overlay-opacity":"","overlay-gradient":""},"mobile":{"background-color":"","background-image":"","background-repeat":"repeat","background-position":"center center","background-size":"auto","background-attachment":"scroll","background-type":"","background-media":"","overlay-type":"","overlay-color":"","overlay-opacity":"","overlay-gradient":""}},"ast-content-background-meta":{"desktop":{"background-color":"var(--ast-global-color-5)","background-image":"","background-repeat":"repeat","background-position":"center center","background-size":"auto","background-attachment":"scroll","background-type":"","background-media":"","overlay-type":"","overlay-color":"","overlay-opacity":"","overlay-gradient":""},"tablet":{"background-color":"var(--ast-global-color-5)","background-image":"","background-repeat":"repeat","background-position":"center center","background-size":"auto","background-attachment":"scroll","background-type":"","background-media":"","overlay-type":"","overlay-color":"","overlay-opacity":"","overlay-gradient":""},"mobile":{"background-color":"var(--ast-global-color-5)","background-image":"","background-repeat":"repeat","background-position":"center center","background-size":"auto","background-attachment":"scroll","background-type":"","background-media":"","overlay-type":"","overlay-color":"","overlay-opacity":"","overlay-gradient":""}}},"product_brand":[],"product_cat":[122,124],"product_tag":[126],"class_list":{"0":"post-14507","1":"product","2":"type-product","3":"status-publish","4":"has-post-thumbnail","6":"product_cat-quadri-strumenti","7":"product_cat-repairs","8":"product_tag-most-popular","9":"desktop-align-left","10":"tablet-align-left","11":"mobile-align-left","12":"ast-product-gallery-layout-horizontal","13":"ast-product-gallery-with-no-image","14":"ast-product-tabs-layout-horizontal","16":"first","17":"instock","18":"taxable","19":"shipping-taxable","20":"purchasable","21":"product-type-simple"},"_links":{"self":[{"href":"https:\/\/www.electronicbart.it\/en\/wp-json\/wp\/v2\/product\/14507","targetHints":{"allow":["GET"]}}],"collection":[{"href":"https:\/\/www.electronicbart.it\/en\/wp-json\/wp\/v2\/product"}],"about":[{"href":"https:\/\/www.electronicbart.it\/en\/wp-json\/wp\/v2\/types\/product"}],"replies":[{"embeddable":true,"href":"https:\/\/www.electronicbart.it\/en\/wp-json\/wp\/v2\/comments?post=14507"}],"version-history":[{"count":1,"href":"https:\/\/www.electronicbart.it\/en\/wp-json\/wp\/v2\/product\/14507\/revisions"}],"predecessor-version":[{"id":14508,"href":"https:\/\/www.electronicbart.it\/en\/wp-json\/wp\/v2\/product\/14507\/revisions\/14508"}],"wp:featuredmedia":[{"embeddable":true,"href":"https:\/\/www.electronicbart.it\/en\/wp-json\/wp\/v2\/media\/14509"}],"wp:attachment":[{"href":"https:\/\/www.electronicbart.it\/en\/wp-json\/wp\/v2\/media?parent=14507"}],"wp:term":[{"taxonomy":"product_brand","embeddable":true,"href":"https:\/\/www.electronicbart.it\/en\/wp-json\/wp\/v2\/product_brand?post=14507"},{"taxonomy":"product_cat","embeddable":true,"href":"https:\/\/www.electronicbart.it\/en\/wp-json\/wp\/v2\/product_cat?post=14507"},{"taxonomy":"product_tag","embeddable":true,"href":"https:\/\/www.electronicbart.it\/en\/wp-json\/wp\/v2\/product_tag?post=14507"}],"curies":[{"name":"wp","href":"https:\/\/api.w.org\/{rel}","templated":true}]}}