{"id":14498,"date":"2025-03-04T21:46:01","date_gmt":"2025-03-04T20:46:01","guid":{"rendered":"https:\/\/wp.demo.oibi.dev\/?post_type=product&#038;p=14498"},"modified":"2025-03-04T21:48:27","modified_gmt":"2025-03-04T20:48:27","slug":"riparazione-centralina-hml-same-008-1450-0-0-008-1450-0","status":"publish","type":"product","link":"https:\/\/www.electronicbart.it\/en\/prodotto\/riparazione-centralina-hml-same-008-1450-0-0-008-1450-0\/","title":{"rendered":"RIPARAZIONE Centralina HML Same 008.1450.0 &#8211; 0.008.1450.0"},"content":{"rendered":"<p style=\"font-weight: 400;\"><b><strong>Servizio di Riparazione garantito\u00a0<\/strong><\/b><\/p>\n<p style=\"font-weight: 400;\"><b><strong>Riparazione Centralina HML Same 008.1450.0<\/strong><\/b><\/p>\n<p style=\"font-weight: 400;\"><b><strong>Tutti i codici della serie in foto:<\/strong><\/b><\/p>\n<p style=\"font-weight: 400;\"><b><strong>esempio:<\/strong><\/b><\/p>\n<p style=\"font-weight: 400;\"><b><strong>008.1450.0<\/strong><\/b><\/p>\n<p style=\"font-weight: 400;\"><b><strong>Al momento dell&#8217;acquisto sar\u00e0 mandato il corriere GLS per il ritiro al vostro indirizzo<\/strong><\/b><b><strong>,\u00a0<\/strong><\/b><b><strong>i tempi di revisione sono solitamente di un giorno lavorativo (tempi di spedizioni esclusi). I costi di ritiro e di riconsegna sono compresi. Non verr\u00e0 addebitato alcun importo al momento dell&#8217;acquisto, il pagamento dovr\u00e0 essere effettuato solo a riparazione a buon fine eseguita, vi sar\u00e0 tutto comunicato via email<\/strong><\/b><\/p>\n<p style=\"font-weight: 400;\"><b><\/b><b><strong>Per info e chiarimenti Tel.3801464445<\/strong><\/b><\/p>\n<p style=\"font-weight: 400;\"><b>I costi di preventivo e verifica non sono applicati, la visione e eventuali spese di spedizione sono completamente gratuiti, se il pezzo risultasse non revisionabile, verr\u00e0 rispedito indietro senza importo.\u00a0<\/b><\/p>\n<p><strong><span class=\"jCAhz ChMk0b\"><span class=\"ryNqvb\">For sending abroad, you must send the control unit to be repaired to this address:<\/span><\/span><\/strong><\/p>\n<p><strong><span class=\"jCAhz ChMk0b\"><span class=\"ryNqvb\">ElectronicBart<\/span><\/span><\/strong><\/p>\n<p><strong><span class=\"jCAhz ChMk0b\"><span class=\"ryNqvb\"> Via Leonardo da Vinci, 20<\/span><\/span><\/strong><\/p>\n<p><strong><span class=\"jCAhz ChMk0b\"><span class=\"ryNqvb\">47021 Bagno di Romagna FC<\/span><\/span><\/strong><\/p>\n<p><strong><span class=\"jCAhz ChMk0b\"><span class=\"ryNqvb\">Italy<\/span><\/span><\/strong><\/p>\n","protected":false},"excerpt":{"rendered":"<p><strong>Riparazione vostro articolo, ritiriamo noi l\u2019articolo da riparare tramite corriere direttamente al vostro indirizzo.<\/strong><\/p>\n","protected":false},"featured_media":14500,"comment_status":"closed","ping_status":"closed","template":"","meta":{"site-sidebar-layout":"default","site-content-layout":"","ast-site-content-layout":"default","site-content-style":"default","site-sidebar-style":"default","ast-global-header-display":"","ast-banner-title-visibility":"","ast-main-header-display":"","ast-hfb-above-header-display":"","ast-hfb-below-header-display":"","ast-hfb-mobile-header-display":"","site-post-title":"","ast-breadcrumbs-content":"","ast-featured-img":"","footer-sml-layout":"","theme-transparent-header-meta":"default","adv-header-id-meta":"","stick-header-meta":"","header-above-stick-meta":"","header-main-stick-meta":"","header-below-stick-meta":"","astra-migrate-meta-layouts":"set","ast-page-background-enabled":"default","ast-page-background-meta":{"desktop":{"background-color":"var(--ast-global-color-4)","background-image":"","background-repeat":"repeat","background-position":"center center","background-size":"auto","background-attachment":"scroll","background-type":"","background-media":"","overlay-type":"","overlay-color":"","overlay-opacity":"","overlay-gradient":""},"tablet":{"background-color":"","background-image":"","background-repeat":"repeat","background-position":"center center","background-size":"auto","background-attachment":"scroll","background-type":"","background-media":"","overlay-type":"","overlay-color":"","overlay-opacity":"","overlay-gradient":""},"mobile":{"background-color":"","background-image":"","background-repeat":"repeat","background-position":"center center","background-size":"auto","background-attachment":"scroll","background-type":"","background-media":"","overlay-type":"","overlay-color":"","overlay-opacity":"","overlay-gradient":""}},"ast-content-background-meta":{"desktop":{"background-color":"var(--ast-global-color-5)","background-image":"","background-repeat":"repeat","background-position":"center center","background-size":"auto","background-attachment":"scroll","background-type":"","background-media":"","overlay-type":"","overlay-color":"","overlay-opacity":"","overlay-gradient":""},"tablet":{"background-color":"var(--ast-global-color-5)","background-image":"","background-repeat":"repeat","background-position":"center center","background-size":"auto","background-attachment":"scroll","background-type":"","background-media":"","overlay-type":"","overlay-color":"","overlay-opacity":"","overlay-gradient":""},"mobile":{"background-color":"var(--ast-global-color-5)","background-image":"","background-repeat":"repeat","background-position":"center center","background-size":"auto","background-attachment":"scroll","background-type":"","background-media":"","overlay-type":"","overlay-color":"","overlay-opacity":"","overlay-gradient":""}}},"product_brand":[],"product_cat":[21,121],"product_tag":[108],"class_list":{"0":"post-14498","1":"product","2":"type-product","3":"status-publish","4":"has-post-thumbnail","6":"product_cat-riparazioni","7":"product_cat-centraline-trasmissione","8":"product_tag-piu-richiesti","9":"desktop-align-left","10":"tablet-align-left","11":"mobile-align-left","12":"ast-product-gallery-layout-horizontal","13":"ast-product-gallery-with-no-image","14":"ast-product-tabs-layout-horizontal","16":"first","17":"instock","18":"taxable","19":"shipping-taxable","20":"purchasable","21":"product-type-simple"},"_links":{"self":[{"href":"https:\/\/www.electronicbart.it\/en\/wp-json\/wp\/v2\/product\/14498","targetHints":{"allow":["GET"]}}],"collection":[{"href":"https:\/\/www.electronicbart.it\/en\/wp-json\/wp\/v2\/product"}],"about":[{"href":"https:\/\/www.electronicbart.it\/en\/wp-json\/wp\/v2\/types\/product"}],"replies":[{"embeddable":true,"href":"https:\/\/www.electronicbart.it\/en\/wp-json\/wp\/v2\/comments?post=14498"}],"version-history":[{"count":1,"href":"https:\/\/www.electronicbart.it\/en\/wp-json\/wp\/v2\/product\/14498\/revisions"}],"predecessor-version":[{"id":14502,"href":"https:\/\/www.electronicbart.it\/en\/wp-json\/wp\/v2\/product\/14498\/revisions\/14502"}],"wp:featuredmedia":[{"embeddable":true,"href":"https:\/\/www.electronicbart.it\/en\/wp-json\/wp\/v2\/media\/14500"}],"wp:attachment":[{"href":"https:\/\/www.electronicbart.it\/en\/wp-json\/wp\/v2\/media?parent=14498"}],"wp:term":[{"taxonomy":"product_brand","embeddable":true,"href":"https:\/\/www.electronicbart.it\/en\/wp-json\/wp\/v2\/product_brand?post=14498"},{"taxonomy":"product_cat","embeddable":true,"href":"https:\/\/www.electronicbart.it\/en\/wp-json\/wp\/v2\/product_cat?post=14498"},{"taxonomy":"product_tag","embeddable":true,"href":"https:\/\/www.electronicbart.it\/en\/wp-json\/wp\/v2\/product_tag?post=14498"}],"curies":[{"name":"wp","href":"https:\/\/api.w.org\/{rel}","templated":true}]}}