{"id":14322,"date":"2025-02-24T20:10:40","date_gmt":"2025-02-24T19:10:40","guid":{"rendered":"https:\/\/wp.demo.oibi.dev\/?post_type=product&#038;p=14322"},"modified":"2025-04-01T18:32:48","modified_gmt":"2025-04-01T16:32:48","slug":"centralina-sdf-2-8519-009-0-rev","status":"publish","type":"product","link":"https:\/\/www.electronicbart.it\/en\/prodotto\/centralina-sdf-2-8519-009-0-rev\/","title":{"rendered":"Centralina SDF 2.8519.009.0 Rev"},"content":{"rendered":"<p style=\"font-weight: 400;\"><b><strong>Centralina per SDF Reman<\/strong><\/b><\/p>\n<p style=\"font-weight: 400;\"><b><strong>Centralina SDF\u00a0<\/strong><\/b><b><strong>compatibile con\u00a0<\/strong><\/b><b><strong>2.8519.009.0<\/strong><\/b><\/p>\n<p>La centralina deve essere installata da un tecnico con strumento diagnostico per impostare le tarature<\/p>\n<p>Specificare nelle note se serve 2.8519.009.0\/10 oppure 2.8519.009.0\/40<\/p>\n<p style=\"font-weight: 400;\"><strong>Reso Obbligatorio\u00a0&#8211; GLS effettuer\u00e0 il ritiro contestuale del reso alla consegna. &#8211;\u00a0GLS ritirer\u00e0 la vostra vecchia centralina non funzionate al momento della consegna della Nuova.\u00a0Per esigenze diverse, se il reso non \u00e8 disponibile o sar\u00e0 disponibile successivamente a lavoro finito, \u00e8 possibile accordarsi per email o telefono.<\/strong><\/p>\n<h6><strong>for abroad you must first send your old ECU as, returned to this address:<\/strong><\/h6>\n<h6><strong><span class=\"jCAhz ChMk0b\"><span class=\"ryNqvb\">ElectronicBart<\/span><\/span><\/strong><\/h6>\n<h6><strong><span class=\"jCAhz ChMk0b\"><span class=\"ryNqvb\"> Via Leonardo da Vinci, 20<\/span><\/span><\/strong><\/h6>\n<h6><strong><span class=\"jCAhz ChMk0b\"><span class=\"ryNqvb\">47021 Bagno di Romagna FC<\/span><\/span><\/strong><\/h6>\n<h6><strong><span class=\"jCAhz ChMk0b\"><span class=\"ryNqvb\">Italy<\/span><\/span><\/strong><\/h6>\n<p style=\"font-weight: 400;\"><b><strong>Per info e chiarimenti Tel.3801464445<\/strong><\/b><\/p>\n","protected":false},"excerpt":{"rendered":"<p><strong>GLS effettuer\u00e0 il ritiro contestuale del reso alla consegna. &#8211;\u00a0GLS ritirer\u00e0 la vostra vecchia centralina non funzionate al momento della consegna della Nuova.<\/strong><\/p>\n","protected":false},"featured_media":17473,"comment_status":"closed","ping_status":"closed","template":"","meta":{"site-sidebar-layout":"default","site-content-layout":"","ast-site-content-layout":"default","site-content-style":"default","site-sidebar-style":"default","ast-global-header-display":"","ast-banner-title-visibility":"","ast-main-header-display":"","ast-hfb-above-header-display":"","ast-hfb-below-header-display":"","ast-hfb-mobile-header-display":"","site-post-title":"","ast-breadcrumbs-content":"","ast-featured-img":"","footer-sml-layout":"","theme-transparent-header-meta":"default","adv-header-id-meta":"","stick-header-meta":"","header-above-stick-meta":"","header-main-stick-meta":"","header-below-stick-meta":"","astra-migrate-meta-layouts":"set","ast-page-background-enabled":"default","ast-page-background-meta":{"desktop":{"background-color":"var(--ast-global-color-4)","background-image":"","background-repeat":"repeat","background-position":"center center","background-size":"auto","background-attachment":"scroll","background-type":"","background-media":"","overlay-type":"","overlay-color":"","overlay-opacity":"","overlay-gradient":""},"tablet":{"background-color":"","background-image":"","background-repeat":"repeat","background-position":"center center","background-size":"auto","background-attachment":"scroll","background-type":"","background-media":"","overlay-type":"","overlay-color":"","overlay-opacity":"","overlay-gradient":""},"mobile":{"background-color":"","background-image":"","background-repeat":"repeat","background-position":"center center","background-size":"auto","background-attachment":"scroll","background-type":"","background-media":"","overlay-type":"","overlay-color":"","overlay-opacity":"","overlay-gradient":""}},"ast-content-background-meta":{"desktop":{"background-color":"var(--ast-global-color-5)","background-image":"","background-repeat":"repeat","background-position":"center center","background-size":"auto","background-attachment":"scroll","background-type":"","background-media":"","overlay-type":"","overlay-color":"","overlay-opacity":"","overlay-gradient":""},"tablet":{"background-color":"var(--ast-global-color-5)","background-image":"","background-repeat":"repeat","background-position":"center center","background-size":"auto","background-attachment":"scroll","background-type":"","background-media":"","overlay-type":"","overlay-color":"","overlay-opacity":"","overlay-gradient":""},"mobile":{"background-color":"var(--ast-global-color-5)","background-image":"","background-repeat":"repeat","background-position":"center center","background-size":"auto","background-attachment":"scroll","background-type":"","background-media":"","overlay-type":"","overlay-color":"","overlay-opacity":"","overlay-gradient":""}}},"product_brand":[],"product_cat":[129,130],"product_tag":[126],"class_list":{"0":"post-14322","1":"product","2":"type-product","3":"status-publish","4":"has-post-thumbnail","6":"product_cat-revised","7":"product_cat-transmission","8":"product_tag-most-popular","9":"desktop-align-left","10":"tablet-align-left","11":"mobile-align-left","12":"ast-product-gallery-layout-horizontal","13":"ast-product-gallery-with-no-image","14":"ast-product-tabs-layout-horizontal","16":"first","17":"instock","18":"taxable","19":"shipping-taxable","20":"purchasable","21":"product-type-simple"},"_links":{"self":[{"href":"https:\/\/www.electronicbart.it\/en\/wp-json\/wp\/v2\/product\/14322","targetHints":{"allow":["GET"]}}],"collection":[{"href":"https:\/\/www.electronicbart.it\/en\/wp-json\/wp\/v2\/product"}],"about":[{"href":"https:\/\/www.electronicbart.it\/en\/wp-json\/wp\/v2\/types\/product"}],"replies":[{"embeddable":true,"href":"https:\/\/www.electronicbart.it\/en\/wp-json\/wp\/v2\/comments?post=14322"}],"version-history":[{"count":3,"href":"https:\/\/www.electronicbart.it\/en\/wp-json\/wp\/v2\/product\/14322\/revisions"}],"predecessor-version":[{"id":17411,"href":"https:\/\/www.electronicbart.it\/en\/wp-json\/wp\/v2\/product\/14322\/revisions\/17411"}],"wp:featuredmedia":[{"embeddable":true,"href":"https:\/\/www.electronicbart.it\/en\/wp-json\/wp\/v2\/media\/17473"}],"wp:attachment":[{"href":"https:\/\/www.electronicbart.it\/en\/wp-json\/wp\/v2\/media?parent=14322"}],"wp:term":[{"taxonomy":"product_brand","embeddable":true,"href":"https:\/\/www.electronicbart.it\/en\/wp-json\/wp\/v2\/product_brand?post=14322"},{"taxonomy":"product_cat","embeddable":true,"href":"https:\/\/www.electronicbart.it\/en\/wp-json\/wp\/v2\/product_cat?post=14322"},{"taxonomy":"product_tag","embeddable":true,"href":"https:\/\/www.electronicbart.it\/en\/wp-json\/wp\/v2\/product_tag?post=14322"}],"curies":[{"name":"wp","href":"https:\/\/api.w.org\/{rel}","templated":true}]}}